{"id":3448,"date":"2024-11-29T06:29:15","date_gmt":"2024-11-29T06:29:15","guid":{"rendered":"https:\/\/clasperassociates.fr\/?page_id=3448"},"modified":"2025-07-01T12:15:29","modified_gmt":"2025-07-01T12:15:29","slug":"donneespersonnelles","status":"publish","type":"page","link":"https:\/\/clasperassociates.fr\/fr\/donneespersonnelles\/","title":{"rendered":"Donnees Personnelles"},"content":{"rendered":"\t\t<div data-elementor-type=\"wp-page\" data-elementor-id=\"3448\" class=\"elementor elementor-3448\">\n\t\t\t\t\t\t\t<div class=\"elementor-element elementor-element-7bb8554 e-con-boxed e-con\" data-id=\"7bb8554\" data-element_type=\"container\" data-settings=\"{&quot;content_width&quot;:&quot;boxed&quot;}\">\n\t\t\t\t\t<div class=\"e-con-inner\">\n\t\t<div class=\"elementor-element elementor-element-cb36c76 e-con-full e-con\" data-id=\"cb36c76\" data-element_type=\"container\" data-settings=\"{&quot;content_width&quot;:&quot;full&quot;}\">\n\t\t\t\t<div class=\"elementor-element elementor-element-87598c6 elementor-widget elementor-widget-image\" data-id=\"87598c6\" data-element_type=\"widget\" data-widget_type=\"image.default\">\n\t\t\t\t<div class=\"elementor-widget-container\">\n\t\t\t<style>\/*! elementor - v3.12.1 - 02-04-2023 *\/\n.elementor-widget-image{text-align:center}.elementor-widget-image a{display:inline-block}.elementor-widget-image a img[src$=\".svg\"]{width:48px}.elementor-widget-image img{vertical-align:middle;display:inline-block}<\/style>\t\t\t\t\t\t\t\t\t\t\t\t\t<a href=\"https:\/\/clasperassociates.fr\/home-2\">\n\t\t\t\t\t\t\t<img decoding=\"async\" width=\"190\" height=\"98\" src=\"https:\/\/clasperassociates.fr\/wp-content\/uploads\/2023\/04\/ClasperLogo-1.png\" class=\"attachment-full size-full wp-image-2404\" alt=\"\" loading=\"lazy\" srcset=\"https:\/\/clasperassociates.fr\/wp-content\/uploads\/2023\/04\/ClasperLogo-1.png 190w, https:\/\/clasperassociates.fr\/wp-content\/uploads\/2023\/04\/ClasperLogo-1-18x9.png 18w\" sizes=\"(max-width: 190px) 100vw, 190px\" \/>\t\t\t\t\t\t\t\t<\/a>\n\t\t\t\t\t\t\t\t\t\t\t\t\t\t\t<\/div>\n\t\t\t\t<\/div>\n\t\t\t\t<\/div>\n\t\t<div class=\"elementor-element elementor-element-362108f e-con-full elementor-hidden-mobile e-con\" data-id=\"362108f\" data-element_type=\"container\" data-settings=\"{&quot;content_width&quot;:&quot;full&quot;}\">\n\t\t\t\t<div class=\"elementor-element elementor-element-9a23145 elementor-widget elementor-widget-button\" data-id=\"9a23145\" data-element_type=\"widget\" data-widget_type=\"button.default\">\n\t\t\t\t<div class=\"elementor-widget-container\">\n\t\t\t\t\t<div class=\"elementor-button-wrapper\">\n\t\t\t<a href=\"https:\/\/clasperassociates.fr\/marques\" class=\"elementor-button-link elementor-button elementor-size-sm\" role=\"button\">\n\t\t\t\t\t\t<span class=\"elementor-button-content-wrapper\">\n\t\t\t\t\t\t<span class=\"elementor-button-text\">Marques<\/span>\n\t\t<\/span>\n\t\t\t\t\t<\/a>\n\t\t<\/div>\n\t\t\t\t<\/div>\n\t\t\t\t<\/div>\n\t\t\t\t<div class=\"elementor-element elementor-element-d1aa64f elementor-widget elementor-widget-button\" data-id=\"d1aa64f\" data-element_type=\"widget\" data-widget_type=\"button.default\">\n\t\t\t\t<div class=\"elementor-widget-container\">\n\t\t\t\t\t<div class=\"elementor-button-wrapper\">\n\t\t\t<a href=\"https:\/\/clasperassociates.fr\/distributions-centers-new\" class=\"elementor-button-link elementor-button elementor-size-sm\" role=\"button\">\n\t\t\t\t\t\t<span class=\"elementor-button-content-wrapper\">\n\t\t\t\t\t\t<span class=\"elementor-button-text\">Centres de distribution<\/span>\n\t\t<\/span>\n\t\t\t\t\t<\/a>\n\t\t<\/div>\n\t\t\t\t<\/div>\n\t\t\t\t<\/div>\n\t\t\t\t<div class=\"elementor-element elementor-element-0f0a688 elementor-widget elementor-widget-button\" data-id=\"0f0a688\" data-element_type=\"widget\" data-widget_type=\"button.default\">\n\t\t\t\t<div class=\"elementor-widget-container\">\n\t\t\t\t\t<div class=\"elementor-button-wrapper\">\n\t\t\t<a href=\"https:\/\/clasperassociates.fr\/contact-2\" class=\"elementor-button-link elementor-button elementor-size-sm\" role=\"button\">\n\t\t\t\t\t\t<span class=\"elementor-button-content-wrapper\">\n\t\t\t\t\t\t<span class=\"elementor-button-text\">ContacT<\/span>\n\t\t<\/span>\n\t\t\t\t\t<\/a>\n\t\t<\/div>\n\t\t\t\t<\/div>\n\t\t\t\t<\/div>\n\t\t\t\t<\/div>\n\t\t\t\t\t<\/div>\n\t\t\t\t<\/div>\n\t\t<div class=\"elementor-element elementor-element-de7e299 e-con-boxed e-con\" data-id=\"de7e299\" data-element_type=\"container\" data-settings=\"{&quot;content_width&quot;:&quot;boxed&quot;}\">\n\t\t\t\t\t<div class=\"e-con-inner\">\n\t\t<div class=\"elementor-element elementor-element-054cddd e-con-full e-con\" data-id=\"054cddd\" data-element_type=\"container\" data-settings=\"{&quot;content_width&quot;:&quot;full&quot;}\">\n\t\t\t\t<div class=\"elementor-element elementor-element-6d43f76 elementor-widget elementor-widget-text-editor\" data-id=\"6d43f76\" data-element_type=\"widget\" data-widget_type=\"text-editor.default\">\n\t\t\t\t<div class=\"elementor-widget-container\">\n\t\t\t<style>\/*! elementor - v3.12.1 - 02-04-2023 *\/\n.elementor-widget-text-editor.elementor-drop-cap-view-stacked .elementor-drop-cap{background-color:#69727d;color:#fff}.elementor-widget-text-editor.elementor-drop-cap-view-framed .elementor-drop-cap{color:#69727d;border:3px solid;background-color:transparent}.elementor-widget-text-editor:not(.elementor-drop-cap-view-default) .elementor-drop-cap{margin-top:8px}.elementor-widget-text-editor:not(.elementor-drop-cap-view-default) .elementor-drop-cap-letter{width:1em;height:1em}.elementor-widget-text-editor .elementor-drop-cap{float:left;text-align:center;line-height:1;font-size:50px}.elementor-widget-text-editor .elementor-drop-cap-letter{display:inline-block}<\/style>\t\t\t\t<p><strong>Notice d&rsquo;information sur la protection des donn\u00e9es personnelles<\/strong><\/p><p><strong>Responsable de traitement :<\/strong><\/p><p>CLASPER ASSOCIATES FRANCE SARL<\/p><p>34 A Rue de Mulhouse, Strasbourg, 67100, France<\/p><p>venteaudetail@clasperassociates.fr<\/p><p>+33(0)388351288<\/p><ol><li><strong> Finalit\u00e9s du traitement<\/strong><\/li><\/ol><p>Vos donn\u00e9es personnelles sont collect\u00e9es pour :<\/p><ul><li>La gestion des commandes et des ventes\u00a0;<\/li><li>La facturation et la gestion des paiements\u00a0;<\/li><li>La garantie et le service apr\u00e8s-vente\u00a0;<\/li><li>La communication commerciale, uniquement avec votre consentement.<\/li><\/ul><ol start=\"2\"><li><strong> Base l\u00e9gale du traitement<\/strong><\/li><\/ol><p>Le traitement de vos donn\u00e9es repose sur :<\/p><ul><li>L&rsquo;ex\u00e9cution du contrat de vente\u00a0;<\/li><li>Le respect des obligations l\u00e9gales (ex. : conservation des factures)\u00a0;<\/li><li>Votre consentement pour toute communication promotionnelle.<\/li><\/ul><ol start=\"3\"><li><strong> Donn\u00e9es collect\u00e9es<\/strong><\/li><\/ol><p>Nous collectons uniquement les informations n\u00e9cessaires, telles que :<\/p><ul><li>Donn\u00e9es d\u2019identit\u00e9 : nom, pr\u00e9nom\u00a0;<\/li><li>Donn\u00e9es de contact : adresse, e-mail, t\u00e9l\u00e9phone\u00a0;<\/li><li>Informations li\u00e9es \u00e0 vos achats : articles command\u00e9s, garanties, mode de paiement.<\/li><\/ul><ol start=\"4\"><li><strong> Destinataires des donn\u00e9es<\/strong><\/li><\/ol><p>Vos donn\u00e9es sont uniquement accessibles :<\/p><ul><li>Aux membres de notre \u00e9quipe en charge des ventes et du service apr\u00e8s-vente\u00a0;<\/li><li>\u00c0 nos prestataires techniques pour la gestion des paiements et des garanties (ex. : plateformes de paiement, transporteurs)\u00a0;<\/li><li>\u00c0 des tiers, uniquement lorsque la loi l\u2019exige ou avec votre consentement explicite.<\/li><\/ul><ol start=\"5\"><li><strong> Dur\u00e9e de conservation<\/strong><\/li><\/ol><p>Vos donn\u00e9es sont conserv\u00e9es pendant :<\/p><ul><li>La dur\u00e9e n\u00e9cessaire \u00e0 l&rsquo;ex\u00e9cution de votre commande et au suivi apr\u00e8s-vente\u00a0;<\/li><li>Les dur\u00e9es l\u00e9gales obligatoires (ex. : 10 ans pour les factures).<\/li><\/ul><ol start=\"6\"><li><strong> Vos droits<\/strong><\/li><\/ol><p>Conform\u00e9ment au RGPD, vous disposez des droits suivants :<\/p><ul><li>Droit d&rsquo;acc\u00e8s : conna\u00eetre les donn\u00e9es d\u00e9tenues sur vous\u00a0;<\/li><li>Droit de rectification : corriger des informations inexactes\u00a0;<\/li><li>Droit d&rsquo;opposition : vous opposer \u00e0 l\u2019utilisation de vos donn\u00e9es \u00e0 des fins commerciales\u00a0;<\/li><li>Droit \u00e0 l\u2019effacement : demander la suppression de vos donn\u00e9es, sauf obligations l\u00e9gales\u00a0;<\/li><li>Droit \u00e0 la portabilit\u00e9 : recevoir vos donn\u00e9es dans un format structur\u00e9.<\/li><\/ul><p>Pour exercer vos droits, contactez-nous \u00e0 :<\/p><p>venteaudetail@clasperassociates.fr<\/p><p>+33(0)388351288<\/p><ol start=\"7\"><li><strong> S\u00e9curit\u00e9 des donn\u00e9es<\/strong><\/li><\/ol><p>Nous mettons en \u0153uvre des mesures appropri\u00e9es pour prot\u00e9ger vos donn\u00e9es contre tout acc\u00e8s non autoris\u00e9 ou usage abusif.<\/p><ol start=\"8\"><li><strong> R\u00e9clamations<\/strong><\/li><\/ol><p>En cas de litige, vous pouvez contacter la CNIL\u00a0: <a href=\"http:\/\/www.cnil.fr\">www.cnil.fr<\/a><\/p><ol start=\"9\"><li><strong> Mise \u00e0 jour de la notice<\/strong><\/li><\/ol><p>Cette notice peut \u00eatre modifi\u00e9e \u00e0 tout moment pour tenir compte des \u00e9volutions l\u00e9gales ou organisationnelles. La version en vigueur sera disponible dans notre boutique ou sur demande<\/p>\t\t\t\t\t\t<\/div>\n\t\t\t\t<\/div>\n\t\t\t\t<\/div>\n\t\t\t\t\t<\/div>\n\t\t\t\t<\/div>\n\t\t<div class=\"elementor-element elementor-element-3b7de25 e-con-full e-con\" data-id=\"3b7de25\" data-element_type=\"container\" data-settings=\"{&quot;content_width&quot;:&quot;full&quot;,&quot;background_background&quot;:&quot;classic&quot;}\">\n\t\t<div class=\"elementor-element elementor-element-1884100 e-con-boxed e-con\" data-id=\"1884100\" data-element_type=\"container\" data-settings=\"{&quot;content_width&quot;:&quot;boxed&quot;}\">\n\t\t\t\t\t<div class=\"e-con-inner\">\n\t\t\t\t<div class=\"elementor-element elementor-element-c369b5c elementor-widget elementor-widget-text-editor\" data-id=\"c369b5c\" data-element_type=\"widget\" data-widget_type=\"text-editor.default\">\n\t\t\t\t<div class=\"elementor-widget-container\">\n\t\t\t\t\t\t\t<p style=\"text-align: center;\">\u00a9 2025 \u2013 ALL RIGHTS RESERVED \u2013 CLASPER ASSOCIATES FRANCE<\/p>\t\t\t\t\t\t<\/div>\n\t\t\t\t<\/div>\n\t\t\t\t\t<\/div>\n\t\t\t\t<\/div>\n\t\t<div class=\"elementor-element elementor-element-d11b4e1 e-con-boxed e-con\" data-id=\"d11b4e1\" data-element_type=\"container\" data-settings=\"{&quot;content_width&quot;:&quot;boxed&quot;}\">\n\t\t\t\t\t<div class=\"e-con-inner\">\n\t\t\t\t<div class=\"elementor-element elementor-element-ea0a9c1 elementor-widget elementor-widget-text-editor\" data-id=\"ea0a9c1\" data-element_type=\"widget\" data-widget_type=\"text-editor.default\">\n\t\t\t\t<div class=\"elementor-widget-container\">\n\t\t\t\t\t\t\t<p><a href=\"https:\/\/clasperassociates.fr\/donneespersonnelles\/\"><span style=\"color: #ffffff;\">Donn\u00e9es personnelles<\/span><\/a><\/p>\t\t\t\t\t\t<\/div>\n\t\t\t\t<\/div>\n\t\t\t\t<div class=\"elementor-element elementor-element-e2e7f40 elementor-widget elementor-widget-text-editor\" data-id=\"e2e7f40\" data-element_type=\"widget\" data-widget_type=\"text-editor.default\">\n\t\t\t\t<div class=\"elementor-widget-container\">\n\t\t\t\t\t\t\t<a href=\"https:\/\/clasperassociates.fr\/conditions-generales-de-vente\/\"><span style=\"color: #ffffff;\">Conditions g\u00e9n\u00e9rales de vente<\/span><\/a>\t\t\t\t\t\t<\/div>\n\t\t\t\t<\/div>\n\t\t\t\t<div class=\"elementor-element elementor-element-99117d1 e-grid-align-right elementor-hidden-desktop elementor-hidden-tablet elementor-hidden-mobile elementor-shape-rounded elementor-grid-0 elementor-widget elementor-widget-social-icons\" data-id=\"99117d1\" data-element_type=\"widget\" data-widget_type=\"social-icons.default\">\n\t\t\t\t<div class=\"elementor-widget-container\">\n\t\t\t<style>\/*! elementor - v3.12.1 - 02-04-2023 *\/\n.elementor-widget-social-icons.elementor-grid-0 .elementor-widget-container,.elementor-widget-social-icons.elementor-grid-mobile-0 .elementor-widget-container,.elementor-widget-social-icons.elementor-grid-tablet-0 .elementor-widget-container{line-height:1;font-size:0}.elementor-widget-social-icons:not(.elementor-grid-0):not(.elementor-grid-tablet-0):not(.elementor-grid-mobile-0) .elementor-grid{display:inline-grid}.elementor-widget-social-icons .elementor-grid{grid-column-gap:var(--grid-column-gap,5px);grid-row-gap:var(--grid-row-gap,5px);grid-template-columns:var(--grid-template-columns);justify-content:var(--justify-content,center);justify-items:var(--justify-content,center)}.elementor-icon.elementor-social-icon{font-size:var(--icon-size,25px);line-height:var(--icon-size,25px);width:calc(var(--icon-size, 25px) + (2 * var(--icon-padding, .5em)));height:calc(var(--icon-size, 25px) + (2 * var(--icon-padding, .5em)))}.elementor-social-icon{--e-social-icon-icon-color:#fff;display:inline-flex;background-color:#69727d;align-items:center;justify-content:center;text-align:center;cursor:pointer}.elementor-social-icon i{color:var(--e-social-icon-icon-color)}.elementor-social-icon svg{fill:var(--e-social-icon-icon-color)}.elementor-social-icon:last-child{margin:0}.elementor-social-icon:hover{opacity:.9;color:#fff}.elementor-social-icon-android{background-color:#a4c639}.elementor-social-icon-apple{background-color:#999}.elementor-social-icon-behance{background-color:#1769ff}.elementor-social-icon-bitbucket{background-color:#205081}.elementor-social-icon-codepen{background-color:#000}.elementor-social-icon-delicious{background-color:#39f}.elementor-social-icon-deviantart{background-color:#05cc47}.elementor-social-icon-digg{background-color:#005be2}.elementor-social-icon-dribbble{background-color:#ea4c89}.elementor-social-icon-elementor{background-color:#d30c5c}.elementor-social-icon-envelope{background-color:#ea4335}.elementor-social-icon-facebook,.elementor-social-icon-facebook-f{background-color:#3b5998}.elementor-social-icon-flickr{background-color:#0063dc}.elementor-social-icon-foursquare{background-color:#2d5be3}.elementor-social-icon-free-code-camp,.elementor-social-icon-freecodecamp{background-color:#006400}.elementor-social-icon-github{background-color:#333}.elementor-social-icon-gitlab{background-color:#e24329}.elementor-social-icon-globe{background-color:#69727d}.elementor-social-icon-google-plus,.elementor-social-icon-google-plus-g{background-color:#dd4b39}.elementor-social-icon-houzz{background-color:#7ac142}.elementor-social-icon-instagram{background-color:#262626}.elementor-social-icon-jsfiddle{background-color:#487aa2}.elementor-social-icon-link{background-color:#818a91}.elementor-social-icon-linkedin,.elementor-social-icon-linkedin-in{background-color:#0077b5}.elementor-social-icon-medium{background-color:#00ab6b}.elementor-social-icon-meetup{background-color:#ec1c40}.elementor-social-icon-mixcloud{background-color:#273a4b}.elementor-social-icon-odnoklassniki{background-color:#f4731c}.elementor-social-icon-pinterest{background-color:#bd081c}.elementor-social-icon-product-hunt{background-color:#da552f}.elementor-social-icon-reddit{background-color:#ff4500}.elementor-social-icon-rss{background-color:#f26522}.elementor-social-icon-shopping-cart{background-color:#4caf50}.elementor-social-icon-skype{background-color:#00aff0}.elementor-social-icon-slideshare{background-color:#0077b5}.elementor-social-icon-snapchat{background-color:#fffc00}.elementor-social-icon-soundcloud{background-color:#f80}.elementor-social-icon-spotify{background-color:#2ebd59}.elementor-social-icon-stack-overflow{background-color:#fe7a15}.elementor-social-icon-steam{background-color:#00adee}.elementor-social-icon-stumbleupon{background-color:#eb4924}.elementor-social-icon-telegram{background-color:#2ca5e0}.elementor-social-icon-thumb-tack{background-color:#1aa1d8}.elementor-social-icon-tripadvisor{background-color:#589442}.elementor-social-icon-tumblr{background-color:#35465c}.elementor-social-icon-twitch{background-color:#6441a5}.elementor-social-icon-twitter{background-color:#1da1f2}.elementor-social-icon-viber{background-color:#665cac}.elementor-social-icon-vimeo{background-color:#1ab7ea}.elementor-social-icon-vk{background-color:#45668e}.elementor-social-icon-weibo{background-color:#dd2430}.elementor-social-icon-weixin{background-color:#31a918}.elementor-social-icon-whatsapp{background-color:#25d366}.elementor-social-icon-wordpress{background-color:#21759b}.elementor-social-icon-xing{background-color:#026466}.elementor-social-icon-yelp{background-color:#af0606}.elementor-social-icon-youtube{background-color:#cd201f}.elementor-social-icon-500px{background-color:#0099e5}.elementor-shape-rounded .elementor-icon.elementor-social-icon{border-radius:10%}.elementor-shape-circle .elementor-icon.elementor-social-icon{border-radius:50%}<\/style>\t\t<div class=\"elementor-social-icons-wrapper elementor-grid\">\n\t\t\t\t\t\t\t<span class=\"elementor-grid-item\">\n\t\t\t\t\t<a class=\"elementor-icon elementor-social-icon elementor-social-icon-linkedin elementor-repeater-item-e79acdb\" target=\"_blank\">\n\t\t\t\t\t\t<span class=\"elementor-screen-only\">Linkedin<\/span>\n\t\t\t\t\t\t<i class=\"fab fa-linkedin\"><\/i>\t\t\t\t\t<\/a>\n\t\t\t\t<\/span>\n\t\t\t\t\t<\/div>\n\t\t\t\t<\/div>\n\t\t\t\t<\/div>\n\t\t\t\t\t<\/div>\n\t\t\t\t<\/div>\n\t\t\t\t<\/div>\n\t\t\t\t\t\t\t<\/div>\n\t\t","protected":false},"excerpt":{"rendered":"<p>Marques Centres de distribution ContacT Notice d&rsquo;information sur la protection des donn\u00e9es personnelles Responsable de traitement : CLASPER ASSOCIATES FRANCE SARL 34 A Rue de Mulhouse, Strasbourg, 67100, France venteaudetail@clasperassociates.fr +33(0)388351288 Finalit\u00e9s du traitement Vos donn\u00e9es personnelles sont collect\u00e9es pour : La gestion des commandes et des ventes\u00a0; La facturation et la gestion des paiements\u00a0;&#8230;<\/p>\n","protected":false},"author":1,"featured_media":0,"parent":0,"menu_order":0,"comment_status":"closed","ping_status":"closed","template":"elementor_header_footer","meta":[],"yoast_head":"<!-- This site is optimized with the Yoast SEO plugin v21.8.1 - https:\/\/yoast.com\/wordpress\/plugins\/seo\/ -->\n<title>Donnees Personnelles - Clasper Associates France<\/title>\n<meta name=\"robots\" content=\"index, follow, max-snippet:-1, max-image-preview:large, max-video-preview:-1\" \/>\n<link rel=\"canonical\" href=\"https:\/\/clasperassociates.fr\/fr\/donneespersonnelles\/\" \/>\n<meta property=\"og:locale\" content=\"fr_FR\" \/>\n<meta property=\"og:type\" content=\"article\" \/>\n<meta property=\"og:title\" content=\"Donnees Personnelles - Clasper Associates France\" \/>\n<meta property=\"og:description\" content=\"Marques Centres de distribution ContacT Notice d&rsquo;information sur la protection des donn\u00e9es personnelles Responsable de traitement : CLASPER ASSOCIATES FRANCE SARL 34 A Rue de Mulhouse, Strasbourg, 67100, France venteaudetail@clasperassociates.fr +33(0)388351288 Finalit\u00e9s du traitement Vos donn\u00e9es personnelles sont collect\u00e9es pour : La gestion des commandes et des ventes\u00a0; La facturation et la gestion des paiements\u00a0;...\" \/>\n<meta property=\"og:url\" content=\"https:\/\/clasperassociates.fr\/fr\/donneespersonnelles\/\" \/>\n<meta property=\"og:site_name\" content=\"Clasper Associates France\" \/>\n<meta property=\"article:modified_time\" content=\"2025-07-01T12:15:29+00:00\" \/>\n<meta property=\"og:image\" content=\"https:\/\/clasperassociates.fr\/wp-content\/uploads\/2023\/04\/ClasperLogo-1.png\" \/>\n<meta name=\"twitter:card\" content=\"summary_large_image\" \/>\n<meta name=\"twitter:label1\" content=\"Dur\u00e9e de lecture estim\u00e9e\" \/>\n\t<meta name=\"twitter:data1\" content=\"2 minutes\" \/>\n<script type=\"application\/ld+json\" class=\"yoast-schema-graph\">{\"@context\":\"https:\/\/schema.org\",\"@graph\":[{\"@type\":\"WebPage\",\"@id\":\"https:\/\/clasperassociates.fr\/donneespersonnelles\/\",\"url\":\"https:\/\/clasperassociates.fr\/donneespersonnelles\/\",\"name\":\"Donnees Personnelles - Clasper Associates France\",\"isPartOf\":{\"@id\":\"https:\/\/clasperassociates.fr\/fr_fr\/#website\"},\"datePublished\":\"2024-11-29T06:29:15+00:00\",\"dateModified\":\"2025-07-01T12:15:29+00:00\",\"breadcrumb\":{\"@id\":\"https:\/\/clasperassociates.fr\/donneespersonnelles\/#breadcrumb\"},\"inLanguage\":\"fr-FR\",\"potentialAction\":[{\"@type\":\"ReadAction\",\"target\":[\"https:\/\/clasperassociates.fr\/donneespersonnelles\/\"]}]},{\"@type\":\"BreadcrumbList\",\"@id\":\"https:\/\/clasperassociates.fr\/donneespersonnelles\/#breadcrumb\",\"itemListElement\":[{\"@type\":\"ListItem\",\"position\":1,\"name\":\"Home\",\"item\":\"https:\/\/clasperassociates.fr\/\"},{\"@type\":\"ListItem\",\"position\":2,\"name\":\"Donnees Personnelles\"}]},{\"@type\":\"WebSite\",\"@id\":\"https:\/\/clasperassociates.fr\/fr_fr\/#website\",\"url\":\"https:\/\/clasperassociates.fr\/fr_fr\/\",\"name\":\"Clasper Associates France\",\"description\":\"\",\"potentialAction\":[{\"@type\":\"SearchAction\",\"target\":{\"@type\":\"EntryPoint\",\"urlTemplate\":\"https:\/\/clasperassociates.fr\/fr_fr\/?s={search_term_string}\"},\"query-input\":\"required name=search_term_string\"}],\"inLanguage\":\"fr-FR\"}]}<\/script>\n<!-- \/ Yoast SEO plugin. -->","yoast_head_json":{"title":"Donnees Personnelles - Clasper Associates France","robots":{"index":"index","follow":"follow","max-snippet":"max-snippet:-1","max-image-preview":"max-image-preview:large","max-video-preview":"max-video-preview:-1"},"canonical":"https:\/\/clasperassociates.fr\/fr\/donneespersonnelles\/","og_locale":"fr_FR","og_type":"article","og_title":"Donnees Personnelles - Clasper Associates France","og_description":"Marques Centres de distribution ContacT Notice d&rsquo;information sur la protection des donn\u00e9es personnelles Responsable de traitement : CLASPER ASSOCIATES FRANCE SARL 34 A Rue de Mulhouse, Strasbourg, 67100, France venteaudetail@clasperassociates.fr +33(0)388351288 Finalit\u00e9s du traitement Vos donn\u00e9es personnelles sont collect\u00e9es pour : La gestion des commandes et des ventes\u00a0; La facturation et la gestion des paiements\u00a0;...","og_url":"https:\/\/clasperassociates.fr\/fr\/donneespersonnelles\/","og_site_name":"Clasper Associates France","article_modified_time":"2025-07-01T12:15:29+00:00","og_image":[{"url":"https:\/\/clasperassociates.fr\/wp-content\/uploads\/2023\/04\/ClasperLogo-1.png"}],"twitter_card":"summary_large_image","twitter_misc":{"Dur\u00e9e de lecture estim\u00e9e":"2 minutes"},"schema":{"@context":"https:\/\/schema.org","@graph":[{"@type":"WebPage","@id":"https:\/\/clasperassociates.fr\/donneespersonnelles\/","url":"https:\/\/clasperassociates.fr\/donneespersonnelles\/","name":"Donnees Personnelles - Clasper Associates France","isPartOf":{"@id":"https:\/\/clasperassociates.fr\/fr_fr\/#website"},"datePublished":"2024-11-29T06:29:15+00:00","dateModified":"2025-07-01T12:15:29+00:00","breadcrumb":{"@id":"https:\/\/clasperassociates.fr\/donneespersonnelles\/#breadcrumb"},"inLanguage":"fr-FR","potentialAction":[{"@type":"ReadAction","target":["https:\/\/clasperassociates.fr\/donneespersonnelles\/"]}]},{"@type":"BreadcrumbList","@id":"https:\/\/clasperassociates.fr\/donneespersonnelles\/#breadcrumb","itemListElement":[{"@type":"ListItem","position":1,"name":"Home","item":"https:\/\/clasperassociates.fr\/"},{"@type":"ListItem","position":2,"name":"Donnees Personnelles"}]},{"@type":"WebSite","@id":"https:\/\/clasperassociates.fr\/fr_fr\/#website","url":"https:\/\/clasperassociates.fr\/fr_fr\/","name":"Clasper Associates France","description":"","potentialAction":[{"@type":"SearchAction","target":{"@type":"EntryPoint","urlTemplate":"https:\/\/clasperassociates.fr\/fr_fr\/?s={search_term_string}"},"query-input":"required name=search_term_string"}],"inLanguage":"fr-FR"}]}},"_links":{"self":[{"href":"https:\/\/clasperassociates.fr\/fr\/wp-json\/wp\/v2\/pages\/3448"}],"collection":[{"href":"https:\/\/clasperassociates.fr\/fr\/wp-json\/wp\/v2\/pages"}],"about":[{"href":"https:\/\/clasperassociates.fr\/fr\/wp-json\/wp\/v2\/types\/page"}],"author":[{"embeddable":true,"href":"https:\/\/clasperassociates.fr\/fr\/wp-json\/wp\/v2\/users\/1"}],"replies":[{"embeddable":true,"href":"https:\/\/clasperassociates.fr\/fr\/wp-json\/wp\/v2\/comments?post=3448"}],"version-history":[{"count":23,"href":"https:\/\/clasperassociates.fr\/fr\/wp-json\/wp\/v2\/pages\/3448\/revisions"}],"predecessor-version":[{"id":3536,"href":"https:\/\/clasperassociates.fr\/fr\/wp-json\/wp\/v2\/pages\/3448\/revisions\/3536"}],"wp:attachment":[{"href":"https:\/\/clasperassociates.fr\/fr\/wp-json\/wp\/v2\/media?parent=3448"}],"curies":[{"name":"wp","href":"https:\/\/api.w.org\/{rel}","templated":true}]}}